{"id":800,"date":"2021-03-12T15:28:47","date_gmt":"2021-03-12T15:28:47","guid":{"rendered":"http:\/\/new.codel.co.uk\/?page_id=800"},"modified":"2025-07-23T09:11:10","modified_gmt":"2025-07-23T09:11:10","slug":"anti-slavery-and-human-trafficking-policy","status":"publish","type":"page","link":"https:\/\/www.codel.co.uk\/pt\/about-us\/anti-slavery-and-human-trafficking-policy\/","title":{"rendered":"Pol\u00edtica de combate \u00e0 escravid\u00e3o e ao tr\u00e1fico humano"},"content":{"rendered":"<div data-elementor-type=\"wp-page\" data-elementor-id=\"800\" class=\"elementor elementor-800\">\n\t\t\t\t\t\t<section class=\"elementor-section elementor-top-section elementor-element elementor-element-21b02ca1 elementor-section-stretched elementor-section-boxed elementor-section-height-default elementor-section-height-default\" data-id=\"21b02ca1\" data-element_type=\"section\" data-settings=\"{&quot;stretch_section&quot;:&quot;section-stretched&quot;,&quot;background_background&quot;:&quot;classic&quot;}\">\n\t\t\t\t\t\t<div class=\"elementor-container elementor-column-gap-default\">\n\t\t\t\t\t<div class=\"elementor-column elementor-col-100 elementor-top-column elementor-element elementor-element-2fb55cde\" data-id=\"2fb55cde\" data-element_type=\"column\">\n\t\t\t<div class=\"elementor-widget-wrap elementor-element-populated\">\n\t\t\t\t\t\t<section class=\"elementor-section elementor-inner-section elementor-element elementor-element-19f204a4 elementor-section-boxed elementor-section-height-default elementor-section-height-default\" data-id=\"19f204a4\" data-element_type=\"section\">\n\t\t\t\t\t\t<div class=\"elementor-container elementor-column-gap-default\">\n\t\t\t\t\t<div class=\"elementor-column elementor-col-100 elementor-inner-column elementor-element elementor-element-507d674a\" data-id=\"507d674a\" data-element_type=\"column\">\n\t\t\t<div class=\"elementor-widget-wrap elementor-element-populated\">\n\t\t\t\t\t\t<div class=\"elementor-element elementor-element-2772e355 elementor-widget elementor-widget-shortcode\" data-id=\"2772e355\" data-element_type=\"widget\" data-widget_type=\"shortcode.default\">\n\t\t\t\t<div class=\"elementor-widget-container\">\n\t\t\t\t\t\t\t<div class=\"elementor-shortcode\"> <span><span><a href=\"https:\/\/www.codel.co.uk\/pt\/\"><i class=\"fa fa-home\"><\/i> Lar<\/a><\/span><\/span><\/div>\n\t\t\t\t\t\t<\/div>\n\t\t\t\t<\/div>\n\t\t\t\t\t<\/div>\n\t\t<\/div>\n\t\t\t\t\t<\/div>\n\t\t<\/section>\n\t\t\t\t\t<\/div>\n\t\t<\/div>\n\t\t\t\t\t<\/div>\n\t\t<\/section>\n\t\t\t\t<section class=\"elementor-section elementor-top-section elementor-element elementor-element-51e44a6 elementor-section-stretched elementor-section-boxed elementor-section-height-default elementor-section-height-default\" data-id=\"51e44a6\" data-element_type=\"section\" data-settings=\"{&quot;stretch_section&quot;:&quot;section-stretched&quot;,&quot;background_background&quot;:&quot;classic&quot;}\">\n\t\t\t\t\t\t<div class=\"elementor-container elementor-column-gap-default\">\n\t\t\t\t\t<div class=\"elementor-column elementor-col-100 elementor-top-column elementor-element elementor-element-545a50c\" data-id=\"545a50c\" data-element_type=\"column\">\n\t\t\t<div class=\"elementor-widget-wrap elementor-element-populated\">\n\t\t\t\t\t\t<section class=\"elementor-section elementor-inner-section elementor-element elementor-element-34ebfa6 elementor-section-boxed elementor-section-height-default elementor-section-height-default\" data-id=\"34ebfa6\" data-element_type=\"section\">\n\t\t\t\t\t\t<div class=\"elementor-container elementor-column-gap-default\">\n\t\t\t\t\t<div class=\"elementor-column elementor-col-100 elementor-inner-column elementor-element elementor-element-cd526ca\" data-id=\"cd526ca\" data-element_type=\"column\">\n\t\t\t<div class=\"elementor-widget-wrap elementor-element-populated\">\n\t\t\t\t\t\t<div class=\"elementor-element elementor-element-b5cf6aa elementor-widget elementor-widget-heading\" data-id=\"b5cf6aa\" data-element_type=\"widget\" data-widget_type=\"heading.default\">\n\t\t\t\t<div class=\"elementor-widget-container\">\n\t\t\t\t\t<h2 class=\"elementor-heading-title elementor-size-default\">Pol\u00edtica de combate \u00e0 escravid\u00e3o e ao tr\u00e1fico humano <\/h2>\t\t\t\t<\/div>\n\t\t\t\t<\/div>\n\t\t\t\t<div class=\"elementor-element elementor-element-8f9f037 elementor-widget elementor-widget-heading\" data-id=\"8f9f037\" data-element_type=\"widget\" data-widget_type=\"heading.default\">\n\t\t\t\t<div class=\"elementor-widget-container\">\n\t\t\t\t\t<h5 class=\"elementor-heading-title elementor-size-default\">Declara\u00e7\u00e3o de Pol\u00edtica\n\n<\/h5>\t\t\t\t<\/div>\n\t\t\t\t<\/div>\n\t\t\t\t<div class=\"elementor-element elementor-element-c7cf87e elementor-widget elementor-widget-text-editor\" data-id=\"c7cf87e\" data-element_type=\"widget\" data-widget_type=\"text-editor.default\">\n\t\t\t\t<div class=\"elementor-widget-container\">\n\t\t\t\t\t\t\t\t\t<p>\u00a0<\/p><p><span style=\"color: var( --e-global-color-text );\">Pol\u00edtica de combate \u00e0 escravid\u00e3o e ao tr\u00e1fico humano CODEL:\u00a0<\/span><\/p><p><span style=\"color: var( --e-global-color-text );\">\u00a0<\/span><\/p><p>Esta pol\u00edtica aplica-se a todas as pessoas que trabalham para n\u00f3s ou em nosso nome a qualquer t\u00edtulo, incluindo funcion\u00e1rios em todos os n\u00edveis, diretores, trabalhadores de ag\u00eancias, trabalhadores destacados, volunt\u00e1rios, agentes, contratados e fornecedores.<\/p><p>\u00a0<\/p><p>A Codel International pro\u00edbe estritamente o uso de escravid\u00e3o moderna e tr\u00e1fico de pessoas em nossas opera\u00e7\u00f5es e cadeia de suprimentos. Temos e continuaremos comprometidos com a implementa\u00e7\u00e3o de sistemas e controles destinados a garantir que a escravid\u00e3o moderna n\u00e3o esteja ocorrendo em nenhum lugar dentro de nossa organiza\u00e7\u00e3o ou em qualquer uma de nossas cadeias de suprimentos. Esperamos que nossos fornecedores mantenham seus pr\u00f3prios fornecedores com os mesmos altos padr\u00f5es.<\/p>\t\t\t\t\t\t\t\t<\/div>\n\t\t\t\t<\/div>\n\t\t\t\t\t<\/div>\n\t\t<\/div>\n\t\t\t\t\t<\/div>\n\t\t<\/section>\n\t\t\t\t\t<\/div>\n\t\t<\/div>\n\t\t\t\t\t<\/div>\n\t\t<\/section>\n\t\t\t\t<section class=\"elementor-section elementor-top-section elementor-element elementor-element-664bc3d elementor-section-stretched elementor-section-boxed elementor-section-height-default elementor-section-height-default\" data-id=\"664bc3d\" data-element_type=\"section\" data-settings=\"{&quot;stretch_section&quot;:&quot;section-stretched&quot;,&quot;background_background&quot;:&quot;classic&quot;}\">\n\t\t\t\t\t\t<div class=\"elementor-container elementor-column-gap-default\">\n\t\t\t\t\t<div class=\"elementor-column elementor-col-100 elementor-top-column elementor-element elementor-element-1a5c224\" data-id=\"1a5c224\" data-element_type=\"column\">\n\t\t\t<div class=\"elementor-widget-wrap elementor-element-populated\">\n\t\t\t\t\t\t<div class=\"elementor-element elementor-element-6242966 elementor-widget elementor-widget-heading\" data-id=\"6242966\" data-element_type=\"widget\" data-widget_type=\"heading.default\">\n\t\t\t\t<div class=\"elementor-widget-container\">\n\t\t\t\t\t<h5 class=\"elementor-heading-title elementor-size-default\">Compromissos<\/h5>\t\t\t\t<\/div>\n\t\t\t\t<\/div>\n\t\t\t\t<div class=\"elementor-element elementor-element-6906232 elementor-widget elementor-widget-text-editor\" data-id=\"6906232\" data-element_type=\"widget\" data-widget_type=\"text-editor.default\">\n\t\t\t\t<div class=\"elementor-widget-container\">\n\t\t\t\t\t\t\t\t\t<p>A escravid\u00e3o moderna \u00e9 um termo usado para abranger escravid\u00e3o, servid\u00e3o, trabalho for\u00e7ado e compuls\u00f3rio, trabalho escravo e infantil e tr\u00e1fico de pessoas.<\/p><p>O tr\u00e1fico humano \u00e9 quando uma pessoa organiza ou facilita a viagem de outra pessoa com vista \u00e0 sua explora\u00e7\u00e3o. A escravatura moderna \u00e9 um crime e uma viola\u00e7\u00e3o dos direitos humanos fundamentais.<\/p>\t\t\t\t\t\t\t\t<\/div>\n\t\t\t\t<\/div>\n\t\t\t\t<div class=\"elementor-element elementor-element-32b9672 elementor-widget elementor-widget-heading\" data-id=\"32b9672\" data-element_type=\"widget\" data-widget_type=\"heading.default\">\n\t\t\t\t<div class=\"elementor-widget-container\">\n\t\t\t\t\t<h5 class=\"elementor-heading-title elementor-size-default\">Seremos uma empresa que espera que todos que trabalham conosco ou em nosso nome apoiem e defendam as seguintes medidas de prote\u00e7\u00e3o contra a escravid\u00e3o moderna:<\/h5>\t\t\t\t<\/div>\n\t\t\t\t<\/div>\n\t\t\t\t<div class=\"elementor-element elementor-element-8d996a9 elementor-widget elementor-widget-text-editor\" data-id=\"8d996a9\" data-element_type=\"widget\" data-widget_type=\"text-editor.default\">\n\t\t\t\t<div class=\"elementor-widget-container\">\n\t\t\t\t\t\t\t\t\t<ul><li>A preven\u00e7\u00e3o, detec\u00e7\u00e3o e den\u00fancia da escravid\u00e3o moderna em qualquer parte de seus neg\u00f3cios ou cadeias de suprimentos \u00e9 de responsabilidade de todos aqueles que trabalham para a Empresa ou sob seu controle.<\/li><li>Processos apropriados devem ser realizados em rela\u00e7\u00e3o \u00e0 escravid\u00e3o moderna, que podem incluir a considera\u00e7\u00e3o dos direitos humanos em um setor ou pa\u00eds, o tipo de setor em que um prestador de servi\u00e7os opera, os pa\u00edses a partir dos quais os servi\u00e7os s\u00e3o prestados, a natureza das rela\u00e7\u00f5es com fornecedores e a complexidade da(s) cadeia(s) de suprimentos.<\/li><li>Todas as linhas da cadeia de suprimentos precisam ser continuamente avaliadas e gerenciadas em rela\u00e7\u00e3o \u00e0 escravid\u00e3o moderna e quaisquer fornecedores de alto risco auditados. A documenta\u00e7\u00e3o padr\u00e3o de compras e contratos da Empresa aborda o combate \u00e0 escravid\u00e3o e ao tr\u00e1fico.<\/li><li>A Empresa encoraja qualquer pessoa a levantar quaisquer preocupa\u00e7\u00f5es sobre a escravid\u00e3o moderna, usando sua pol\u00edtica de den\u00fancias, se necess\u00e1rio, e apoiar\u00e1 qualquer pessoa que aja de boa f\u00e9.<\/li><li>A pol\u00edtica e os processos de recrutamento da Companhia apoiam os esfor\u00e7os para combater a escravid\u00e3o moderna e o tr\u00e1fico de pessoas.<\/li><li>A Companhia continuar\u00e1 a desenvolver seu compromisso de combater a escravid\u00e3o moderna e o tr\u00e1fico de pessoas e descrever\u00e1 tais atividades em sua declara\u00e7\u00e3o anual antiescravid\u00e3o e antitr\u00e1fico.<\/li><\/ul><p>Qualquer viola\u00e7\u00e3o desta pol\u00edtica pode resultar na tomada de medidas disciplinares contra indiv\u00edduos e\/ou no encerramento de seu relacionamento com qualquer organiza\u00e7\u00e3o ou fornecedor<\/p>\t\t\t\t\t\t\t\t<\/div>\n\t\t\t\t<\/div>\n\t\t\t\t<div class=\"elementor-element elementor-element-1cef5d2 elementor-widget elementor-widget-button\" data-id=\"1cef5d2\" data-element_type=\"widget\" data-widget_type=\"button.default\">\n\t\t\t\t<div class=\"elementor-widget-container\">\n\t\t\t\t\t\t\t\t\t<div class=\"elementor-button-wrapper\">\n\t\t\t\t\t<a class=\"elementor-button elementor-button-link elementor-size-sm\" href=\"https:\/\/www.codel.co.uk\/wp-content\/uploads\/2023\/12\/Anti-Slavery-Policy.pdf\" target=\"_blank\">\n\t\t\t\t\t\t<span class=\"elementor-button-content-wrapper\">\n\t\t\t\t\t\t\t\t\t<span class=\"elementor-button-text\">Clique aqui para baixar em PDF<\/span>\n\t\t\t\t\t<\/span>\n\t\t\t\t\t<\/a>\n\t\t\t\t<\/div>\n\t\t\t\t\t\t\t\t<\/div>\n\t\t\t\t<\/div>\n\t\t\t\t\t<\/div>\n\t\t<\/div>\n\t\t\t\t\t<\/div>\n\t\t<\/section>\n\t\t\t\t<\/div>","protected":false},"excerpt":{"rendered":"<p>Anti-Slavery and Human Trafficking Policy Policy Statement \u00a0 Anti-slavery and Human Trafficking Policy at CODEL:\u00a0 \u00a0 This policy applies to all persons working for us or on our behalf in any capacity, including employees at all levels, directors, officers, agency workers, seconded workers, volunteers, agents, contractors, and suppliers. Therefore, it encompasses everyone involved in our &#8230; <a title=\"Pol\u00edtica de combate \u00e0 escravid\u00e3o e ao tr\u00e1fico humano\" class=\"read-more\" href=\"https:\/\/www.codel.co.uk\/pt\/about-us\/anti-slavery-and-human-trafficking-policy\/\" aria-label=\"Read more about Anti-slavery and human trafficking policy\">Ler mais<\/a><\/p>","protected":false},"author":2,"featured_media":0,"parent":329,"menu_order":0,"comment_status":"closed","ping_status":"closed","template":"","meta":{"footnotes":""},"categories":[1],"tags":[],"class_list":{"0":"post-800","1":"page","2":"type-page","3":"status-publish","5":"category-uncategorized"},"yoast_head":"<!-- This site is optimized with the Yoast SEO Premium plugin v25.4 (Yoast SEO v25.4) - https:\/\/yoast.com\/wordpress\/plugins\/seo\/ -->\n<title>Anti-slavery and Human Trafficking Policy - CODEL International LTD<\/title>\n<meta name=\"description\" content=\"Anti-slavery and Human Trafficking Policy: CODEL International strictly prohibits the use of modern slavery and human trafficking.\" \/>\n<meta name=\"robots\" content=\"index, follow, max-snippet:-1, max-image-preview:large, max-video-preview:-1\" \/>\n<link rel=\"canonical\" href=\"https:\/\/www.codel.co.uk\/pt\/about-us\/anti-slavery-and-human-trafficking-policy\/\" \/>\n<meta property=\"og:locale\" content=\"pt_BR\" \/>\n<meta property=\"og:type\" content=\"article\" \/>\n<meta property=\"og:title\" content=\"Anti-slavery and human trafficking policy\" \/>\n<meta property=\"og:description\" content=\"Anti-slavery and Human Trafficking Policy: CODEL International strictly prohibits the use of modern slavery and human trafficking.\" \/>\n<meta property=\"og:url\" content=\"https:\/\/www.codel.co.uk\/pt\/about-us\/anti-slavery-and-human-trafficking-policy\/\" \/>\n<meta property=\"og:site_name\" content=\"CODEL International LTD\" \/>\n<meta property=\"article:modified_time\" content=\"2025-07-23T09:11:10+00:00\" \/>\n<meta name=\"twitter:card\" content=\"summary_large_image\" \/>\n<meta name=\"twitter:label1\" content=\"Est. tempo de leitura\" \/>\n\t<meta name=\"twitter:data1\" content=\"2 minutos\" \/>\n<script type=\"application\/ld+json\" class=\"yoast-schema-graph\">{\"@context\":\"https:\/\/schema.org\",\"@graph\":[{\"@type\":\"WebPage\",\"@id\":\"https:\/\/www.codel.co.uk\/about-us\/anti-slavery-and-human-trafficking-policy\/\",\"url\":\"https:\/\/www.codel.co.uk\/about-us\/anti-slavery-and-human-trafficking-policy\/\",\"name\":\"Anti-slavery and Human Trafficking Policy - CODEL International LTD\",\"isPartOf\":{\"@id\":\"https:\/\/www.codel.co.uk\/#website\"},\"datePublished\":\"2021-03-12T15:28:47+00:00\",\"dateModified\":\"2025-07-23T09:11:10+00:00\",\"description\":\"Anti-slavery and Human Trafficking Policy: CODEL International strictly prohibits the use of modern slavery and human trafficking.\",\"breadcrumb\":{\"@id\":\"https:\/\/www.codel.co.uk\/about-us\/anti-slavery-and-human-trafficking-policy\/#breadcrumb\"},\"inLanguage\":\"pt-BR\",\"potentialAction\":[{\"@type\":\"ReadAction\",\"target\":[\"https:\/\/www.codel.co.uk\/about-us\/anti-slavery-and-human-trafficking-policy\/\"]}]},{\"@type\":\"BreadcrumbList\",\"@id\":\"https:\/\/www.codel.co.uk\/about-us\/anti-slavery-and-human-trafficking-policy\/#breadcrumb\",\"itemListElement\":[{\"@type\":\"ListItem\",\"position\":1,\"name\":\"Home\",\"item\":\"https:\/\/www.codel.co.uk\/\"},{\"@type\":\"ListItem\",\"position\":2,\"name\":\"About Us\",\"item\":\"https:\/\/www.codel.co.uk\/about-us\/\"},{\"@type\":\"ListItem\",\"position\":3,\"name\":\"Anti-slavery and human trafficking policy\"}]},{\"@type\":\"WebSite\",\"@id\":\"https:\/\/www.codel.co.uk\/#website\",\"url\":\"https:\/\/www.codel.co.uk\/\",\"name\":\"CODEL International LTD\",\"description\":\"Codel International LTD -  Stack, Process Control and Tunnel Emission Monitors\",\"publisher\":{\"@id\":\"https:\/\/www.codel.co.uk\/#organization\"},\"potentialAction\":[{\"@type\":\"SearchAction\",\"target\":{\"@type\":\"EntryPoint\",\"urlTemplate\":\"https:\/\/www.codel.co.uk\/?s={search_term_string}\"},\"query-input\":{\"@type\":\"PropertyValueSpecification\",\"valueRequired\":true,\"valueName\":\"search_term_string\"}}],\"inLanguage\":\"pt-BR\"},{\"@type\":\"Organization\",\"@id\":\"https:\/\/www.codel.co.uk\/#organization\",\"name\":\"CODEL International LTD\",\"url\":\"https:\/\/www.codel.co.uk\/\",\"logo\":{\"@type\":\"ImageObject\",\"inLanguage\":\"pt-BR\",\"@id\":\"https:\/\/www.codel.co.uk\/#\/schema\/logo\/image\/\",\"url\":\"https:\/\/www.codel.co.uk\/wp-content\/uploads\/2021\/01\/CODEL-international-ltd-logo-1.png\",\"contentUrl\":\"https:\/\/www.codel.co.uk\/wp-content\/uploads\/2021\/01\/CODEL-international-ltd-logo-1.png\",\"width\":300,\"height\":78,\"caption\":\"CODEL International LTD\"},\"image\":{\"@id\":\"https:\/\/www.codel.co.uk\/#\/schema\/logo\/image\/\"}}]}<\/script>\n<!-- \/ Yoast SEO Premium plugin. -->","yoast_head_json":{"title":"Anti-slavery and Human Trafficking Policy - CODEL International LTD","description":"Anti-slavery and Human Trafficking Policy: CODEL International strictly prohibits the use of modern slavery and human trafficking.","robots":{"index":"index","follow":"follow","max-snippet":"max-snippet:-1","max-image-preview":"max-image-preview:large","max-video-preview":"max-video-preview:-1"},"canonical":"https:\/\/www.codel.co.uk\/pt\/about-us\/anti-slavery-and-human-trafficking-policy\/","og_locale":"pt_BR","og_type":"article","og_title":"Anti-slavery and human trafficking policy","og_description":"Anti-slavery and Human Trafficking Policy: CODEL International strictly prohibits the use of modern slavery and human trafficking.","og_url":"https:\/\/www.codel.co.uk\/pt\/about-us\/anti-slavery-and-human-trafficking-policy\/","og_site_name":"CODEL International LTD","article_modified_time":"2025-07-23T09:11:10+00:00","twitter_card":"summary_large_image","twitter_misc":{"Est. tempo de leitura":"2 minutos"},"schema":{"@context":"https:\/\/schema.org","@graph":[{"@type":"WebPage","@id":"https:\/\/www.codel.co.uk\/about-us\/anti-slavery-and-human-trafficking-policy\/","url":"https:\/\/www.codel.co.uk\/about-us\/anti-slavery-and-human-trafficking-policy\/","name":"Anti-slavery and Human Trafficking Policy - CODEL International LTD","isPartOf":{"@id":"https:\/\/www.codel.co.uk\/#website"},"datePublished":"2021-03-12T15:28:47+00:00","dateModified":"2025-07-23T09:11:10+00:00","description":"Anti-slavery and Human Trafficking Policy: CODEL International strictly prohibits the use of modern slavery and human trafficking.","breadcrumb":{"@id":"https:\/\/www.codel.co.uk\/about-us\/anti-slavery-and-human-trafficking-policy\/#breadcrumb"},"inLanguage":"pt-BR","potentialAction":[{"@type":"ReadAction","target":["https:\/\/www.codel.co.uk\/about-us\/anti-slavery-and-human-trafficking-policy\/"]}]},{"@type":"BreadcrumbList","@id":"https:\/\/www.codel.co.uk\/about-us\/anti-slavery-and-human-trafficking-policy\/#breadcrumb","itemListElement":[{"@type":"ListItem","position":1,"name":"Home","item":"https:\/\/www.codel.co.uk\/"},{"@type":"ListItem","position":2,"name":"About Us","item":"https:\/\/www.codel.co.uk\/about-us\/"},{"@type":"ListItem","position":3,"name":"Anti-slavery and human trafficking policy"}]},{"@type":"WebSite","@id":"https:\/\/www.codel.co.uk\/#website","url":"https:\/\/www.codel.co.uk\/","name":"CODEL International LTD","description":"Codel International LTD -  Stack, Process Control and Tunnel Emission Monitors","publisher":{"@id":"https:\/\/www.codel.co.uk\/#organization"},"potentialAction":[{"@type":"SearchAction","target":{"@type":"EntryPoint","urlTemplate":"https:\/\/www.codel.co.uk\/?s={search_term_string}"},"query-input":{"@type":"PropertyValueSpecification","valueRequired":true,"valueName":"search_term_string"}}],"inLanguage":"pt-BR"},{"@type":"Organization","@id":"https:\/\/www.codel.co.uk\/#organization","name":"CODEL International LTD","url":"https:\/\/www.codel.co.uk\/","logo":{"@type":"ImageObject","inLanguage":"pt-BR","@id":"https:\/\/www.codel.co.uk\/#\/schema\/logo\/image\/","url":"https:\/\/www.codel.co.uk\/wp-content\/uploads\/2021\/01\/CODEL-international-ltd-logo-1.png","contentUrl":"https:\/\/www.codel.co.uk\/wp-content\/uploads\/2021\/01\/CODEL-international-ltd-logo-1.png","width":300,"height":78,"caption":"CODEL International LTD"},"image":{"@id":"https:\/\/www.codel.co.uk\/#\/schema\/logo\/image\/"}}]}},"_links":{"self":[{"href":"https:\/\/www.codel.co.uk\/pt\/wp-json\/wp\/v2\/pages\/800","targetHints":{"allow":["GET"]}}],"collection":[{"href":"https:\/\/www.codel.co.uk\/pt\/wp-json\/wp\/v2\/pages"}],"about":[{"href":"https:\/\/www.codel.co.uk\/pt\/wp-json\/wp\/v2\/types\/page"}],"author":[{"embeddable":true,"href":"https:\/\/www.codel.co.uk\/pt\/wp-json\/wp\/v2\/users\/2"}],"replies":[{"embeddable":true,"href":"https:\/\/www.codel.co.uk\/pt\/wp-json\/wp\/v2\/comments?post=800"}],"version-history":[{"count":77,"href":"https:\/\/www.codel.co.uk\/pt\/wp-json\/wp\/v2\/pages\/800\/revisions"}],"predecessor-version":[{"id":13630,"href":"https:\/\/www.codel.co.uk\/pt\/wp-json\/wp\/v2\/pages\/800\/revisions\/13630"}],"up":[{"embeddable":true,"href":"https:\/\/www.codel.co.uk\/pt\/wp-json\/wp\/v2\/pages\/329"}],"wp:attachment":[{"href":"https:\/\/www.codel.co.uk\/pt\/wp-json\/wp\/v2\/media?parent=800"}],"wp:term":[{"taxonomy":"category","embeddable":true,"href":"https:\/\/www.codel.co.uk\/pt\/wp-json\/wp\/v2\/categories?post=800"},{"taxonomy":"post_tag","embeddable":true,"href":"https:\/\/www.codel.co.uk\/pt\/wp-json\/wp\/v2\/tags?post=800"}],"curies":[{"name":"wp","href":"https:\/\/api.w.org\/{rel}","templated":true}]}}